{"id":98,"date":"2016-08-27T22:07:30","date_gmt":"2016-08-27T22:07:30","guid":{"rendered":"http:\/\/nadinefotografie.com\/?page_id=98"},"modified":"2025-12-14T06:53:45","modified_gmt":"2025-12-14T06:53:45","slug":"98-2","status":"publish","type":"page","link":"https:\/\/nadinefotografie.com\/","title":{"rendered":"Deine Fotografin aus der Wetterau"},"content":{"rendered":"<p><a href=\"https:\/\/nadinefotografie.com\/wp-content\/uploads\/2025\/07\/Herzlich-Willkommen.jpg\"><img loading=\"lazy\" decoding=\"async\" src=\"https:\/\/nadinefotografie.com\/wp-content\/uploads\/2025\/07\/Herzlich-Willkommen-300x48.jpg\" alt=\"\" width=\"507\" height=\"81\"><\/a><\/p>\n<p style=\"text-align: left\"><span style=\"font-size: 14pt\"><a href=\"https:\/\/nadinefotografie.com\/wp-content\/uploads\/2025\/07\/Bildschirmfoto-2025-07-08-um-16.25.00.png\"><img loading=\"lazy\" decoding=\"async\" src=\"https:\/\/nadinefotografie.com\/wp-content\/uploads\/2025\/07\/Bildschirmfoto-2025-07-08-um-16.25.00-300x199.png\" class=\"alignnone wp-image-10244\" alt=\"\" width=\"738\" height=\"490\" srcset=\"https:\/\/nadinefotografie.com\/wp-content\/uploads\/2025\/07\/Bildschirmfoto-2025-07-08-um-16.25.00-300x199.png 300w, https:\/\/nadinefotografie.com\/wp-content\/uploads\/2025\/07\/Bildschirmfoto-2025-07-08-um-16.25.00-1024x681.png 1024w, https:\/\/nadinefotografie.com\/wp-content\/uploads\/2025\/07\/Bildschirmfoto-2025-07-08-um-16.25.00-768x510.png 768w, https:\/\/nadinefotografie.com\/wp-content\/uploads\/2025\/07\/Bildschirmfoto-2025-07-08-um-16.25.00-800x530.png 800w, https:\/\/nadinefotografie.com\/wp-content\/uploads\/2025\/07\/Bildschirmfoto-2025-07-08-um-16.25.00-420x280.png 420w, https:\/\/nadinefotografie.com\/wp-content\/uploads\/2025\/07\/Bildschirmfoto-2025-07-08-um-16.25.00-600x399.png 600w, https:\/\/nadinefotografie.com\/wp-content\/uploads\/2025\/07\/Bildschirmfoto-2025-07-08-um-16.25.00.png 1324w\" sizes=\"auto, (max-width: 738px) 100vw, 738px\" \/><\/a><\/span><\/p>\n<h4><span style=\"font-size: 21px\"><a href=\"mailto:hello@nadinefotografie.com\">&#x27a1;&#xfe0f;<\/a><\/span><span style=\"font-size: 21px\"><a href=\"mailto:hello@nadinefotografie.com\"> Buche jetzt Deinen Termin<\/a><\/span><\/h4>\n<h4><span style=\"font-size: 14pt\">&#x27a1;&#xfe0f;<\/span><span style=\"font-size: 14pt\"> <\/span><a href=\"https:\/\/nadinefotografie.com\/?page_id=42\">Darf ich mich kurz vorstellen?<\/a><\/h4>\n<p style=\"text-align: left\"><iframe loading=\"lazy\" title=\"YouTube video player\" src=\"https:\/\/www.youtube.com\/embed\/lflN-l8wroc?si=0b5Ttoo7Vso6GQhK\" width=\"750\" height=\"500\" frameborder=\"0\" allowfullscreen><\/iframe><\/p>\n<p style=\"text-align: left\">Viel Spa\u00df beim St\u00f6bern !<\/p>\n<p style=\"text-align: left\">Klicke einfach auf die jeweilige Kategorie und erfahre mehr \u00fcber meine Arbeit.<\/p>\n<table style=\"border-collapse: collapse; width: 99.997958%; height: 30px\">\n<tbody>\n<tr>\n<td style=\"width: 100%; text-align: center\"><span style=\"font-size: 18pt\"><strong><a href=\"https:\/\/nadinefotografie.com\/?page_id=44\">Hochzeiten<\/a><\/strong><\/span><\/td>\n<\/tr>\n<tr>\n<td style=\"width: 100%; text-align: center\"><span style=\"font-size: 18pt\"><strong><a href=\"https:\/\/nadinefotografie.com\/?page_id=852\">Hunde in Aktion<\/a><\/strong><\/span><\/td>\n<\/tr>\n<tr>\n<td style=\"width: 100%; text-align: center\"><span style=\"font-size: 24px\"><b><a href=\"https:\/\/nadinefotografie.com\/?page_id=9870\">Paare \/ JGA&nbsp;<\/a><\/b><\/span><\/td>\n<\/tr>\n<tr>\n<td style=\"width: 100%; text-align: center\"><span style=\"font-size: 24px\"><b><a href=\"https:\/\/nadinefotografie.com\/?page_id=9842\">Schwangerschaften<\/a><\/b><\/span><\/td>\n<\/tr>\n<tr>\n<td style=\"width: 100%; text-align: center\"><span style=\"font-size: 24px\"><b><a href=\"https:\/\/nadinefotografie.com\/?page_id=10014\">Herbst<\/a><\/b><\/span><\/td>\n<\/tr>\n<tr>\n<td style=\"width: 100%; text-align: center\"><span style=\"font-size: 24px\"><b><a href=\"https:\/\/nadinefotografie.com\/?page_id=9857\">Newborn \/ Familien<\/a><\/b><\/span><\/td>\n<\/tr>\n<tr>\n<td style=\"width: 100%; text-align: center\"><span style=\"font-size: 24px\"><b><a href=\"https:\/\/nadinefotografie.com\/?page_id=9934\">Events<\/a><\/b><\/span><\/td>\n<\/tr>\n<tr>\n<td style=\"width: 100%; text-align: center\"><span style=\"font-size: 24px\"><b><a href=\"https:\/\/nadinefotografie.com\/?page_id=10070&#038;preview=true\">Firmenkunden<\/a><\/b><\/span><\/p>\n<\/td>\n<td style=\"width: 100%; text-align: center\"><\/td>\n<td style=\"width: 100%; text-align: center\"><\/td>\n<td style=\"width: 100%; text-align: center\"><\/td>\n<td style=\"width: 100%; text-align: center\"><a href=\"https:\/\/nadinefotografie.com\/?page_id=10070&#038;preview=true\"><img loading=\"lazy\" decoding=\"async\" class=\"wp-image-10066 aligncenter\" src=\"https:\/\/nadinefotografie.com\/wp-content\/uploads\/2025\/01\/Bildschirmfoto-2025-01-29-um-17.30.54-300x199.png\" alt=\"\" width=\"310\" height=\"216\"><\/a><\/p>\n<\/td>\n<td style=\"width: 100%; text-align: center\"><\/td>\n<td style=\"width: 100%; text-align: center\"><\/td>\n<td style=\"width: 100%; text-align: center\"><a href=\"https:\/\/nadinefotografie.com\/?page_id=10111\"><img loading=\"lazy\" decoding=\"async\" class=\"wp-image-10067 aligncenter\" src=\"https:\/\/nadinefotografie.com\/wp-content\/uploads\/2025\/01\/Bildschirmfoto-2025-01-29-um-17.36.35-300x156.png\" width=\"310\" height=\"216\"><\/a><\/p>\n<\/td>\n<td style=\"width: 100%; text-align: center\"><\/td>\n<td style=\"width: 100%; text-align: center\">&nbsp;<\/p>\n<\/td>\n<td style=\"width: 100%; text-align: center\"><\/td>\n<\/tr>\n<\/tbody>\n<\/table>\n<table style=\"border-collapse: collapse; width: 100%\">\n<tbody>\n<tr>\n<td style=\"width: 100%; text-align: center\"><span style=\"font-size: 14pt; color: #000080\"><strong><a style=\"color: #000080\" href=\"https:\/\/maps.app.goo.gl\/jrHKvQUxRrcUch7L6\">WAS SAGEN MEINE KUNDEN\/INNEN<\/a><\/strong><\/span><\/td>\n<\/tr>\n<\/tbody>\n<\/table>\n<p><span style=\"font-size: 18px\">WOW! Danke Euch! Bereits \u00fcber 60 <\/span><span style=\"font-size: 18px\">&#x2b50;&#xfe0f;&#x2b50;&#xfe0f;&#x2b50;&#xfe0f;&#x2b50;&#xfe0f;&#x2b50;&#xfe0f;<\/span><span style=\"font-size: 18px\"> Sterne-Bewertungen bei <\/span><span style=\"font-size: 18px\"><strong><a href=\"https:\/\/maps.app.goo.gl\/jrHKvQUxRrcUch7L6\">Google<\/a><\/strong><\/span><\/p>\n<p>&#8230;&#8220;Wir sind begeistert! Der gesamte Ablauf, von der Buchung \u00fcber die Betreuung, bis zum Shooting hat alles wirklich wunderbar geklappt. Wir haben sch\u00f6ne Fotos erwartet, aber die Bilder die uns Nadine gemacht hat sind wirklich der Hammer geworden! Wir freuen uns und sind dankbar dass wir Sie zu unserer Hochzeit gebucht haben. Es war alles perfekt!!!Vielen lieben Dank!&#8220;<\/p>\n<p>&#8230;&#8220;Nadine hat ein unglaubliches Talent, die besonderen Momente einzufangen und eine Atmosph\u00e4re zu schaffen, in der man sich vollkommen wohlf\u00fchlt. Ich kann sie jedem w\u00e4rmstens empfehlen, der auf der Suche nach einer talentierten Fotografin ist &#x1f61a;&#8220;<\/p>\n<p>&#8230;&#8220;Nadine hat Fotos von unserem Neugeborenen bei uns Zuhause gemacht. Sie ist sehr kreativ und sehr nett, was eine super lockere und angenehme Atmosph\u00e4re schafft. Das Shooting hat uns Spa\u00df gemacht, was man auch an den Fotos sieht &#x1f44d;Wir w\u00fcrden jederzeit wieder Fotos von Nadine machen lassen.&#8220;<\/p>\n<p>&#8230;&#8220;Nadine ist eine tolle Fotografin, die mit viel Herz und Einf\u00fchlungsverm\u00f6gen dabei ist. Mit ihrer offenen und freundlichen Art ist jedes Shooting sehr angenehm. Man f\u00fchlt sich wertgesch\u00e4tzt und sicher.Eigene W\u00fcnsche werden ber\u00fccksichtigt und mit in das Shooting integriert.&#8220;<\/p>\n<p>&#8230;&#8220;Nadine macht sehr sch\u00f6ne Aufnahmen so wie man es sich auch selbst vorstellt. Sie hat gute Ideen &#x1f4a1;, kann das Ganze gut umsetzen und geht auf die entsprechenden ein. Danke Nadine f\u00fcr unseren sch\u00f6nen Termin.&#8220;<\/p>\n<p>&#8230;&#8220;Super sympathische und emphatische Fotografin! Nadine ist genau auf unserer Ideen eingegangen und hat ihre eigenen Ideen immer klar mit uns kommuniziert, was wir sehr sch\u00e4tzten. Wir hatten ein sehr professionelles Shooting mit wundersch\u00f6nen Ergebnissen und einem lustigen Vormittag. Sowohl unser Hund als auch wir w\u00fcrden Sie jedem weiterempfehlen!&#8220;<\/p>\n<p>&#8230;&#8220;Der Vormittag mit Nadine war sehr freundlich und &#8222;famili\u00e4r&#8220;. Das Wetter hatte uns mit einem sch\u00f6nen Kaffee starten lassen und war uns dann zum Gl\u00fcck wohlgesonnen. Es hat gro\u00dfen Spa\u00df gemacht, mit meinen beiden Wauzen die verschiedenen Szenarien durch &#8222;zuspielen&#8220; &#8211; wir haben viel gelacht dabei, was nicht zuletzt auch den Fotos zugute kam. Vielen, vielen Dank, Nadine!&#8220;<\/p>\n","protected":false},"excerpt":{"rendered":"<p>&#x27a1;&#xfe0f; Buche jetzt Deinen Termin &#x27a1;&#xfe0f; Darf ich mich kurz vorstellen? Viel Spa\u00df beim St\u00f6bern ! Klicke einfach auf die jeweilige Kategorie und erfahre mehr &hellip; <\/p>\n","protected":false},"author":1,"featured_media":0,"parent":0,"menu_order":2,"comment_status":"closed","ping_status":"closed","template":"","meta":{"two_page_speed":[],"footnotes":""},"class_list":["post-98","page","type-page","status-publish","hentry"],"_links":{"self":[{"href":"https:\/\/nadinefotografie.com\/index.php?rest_route=\/wp\/v2\/pages\/98","targetHints":{"allow":["GET"]}}],"collection":[{"href":"https:\/\/nadinefotografie.com\/index.php?rest_route=\/wp\/v2\/pages"}],"about":[{"href":"https:\/\/nadinefotografie.com\/index.php?rest_route=\/wp\/v2\/types\/page"}],"author":[{"embeddable":true,"href":"https:\/\/nadinefotografie.com\/index.php?rest_route=\/wp\/v2\/users\/1"}],"replies":[{"embeddable":true,"href":"https:\/\/nadinefotografie.com\/index.php?rest_route=%2Fwp%2Fv2%2Fcomments&post=98"}],"version-history":[{"count":285,"href":"https:\/\/nadinefotografie.com\/index.php?rest_route=\/wp\/v2\/pages\/98\/revisions"}],"predecessor-version":[{"id":10386,"href":"https:\/\/nadinefotografie.com\/index.php?rest_route=\/wp\/v2\/pages\/98\/revisions\/10386"}],"wp:attachment":[{"href":"https:\/\/nadinefotografie.com\/index.php?rest_route=%2Fwp%2Fv2%2Fmedia&parent=98"}],"curies":[{"name":"wp","href":"https:\/\/api.w.org\/{rel}","templated":true}]}}