{"id":239,"date":"2016-11-01T20:25:09","date_gmt":"2016-11-01T20:25:09","guid":{"rendered":"http:\/\/nadinefotografie.com\/?page_id=239"},"modified":"2024-04-04T13:55:21","modified_gmt":"2024-04-04T13:55:21","slug":"impressum","status":"publish","type":"page","link":"https:\/\/nadinefotografie.com\/?page_id=239","title":{"rendered":"Impressum"},"content":{"rendered":"<p><span style=\"color: #000000;\">Nadine Molnar<\/span><\/p>\n<p><span style=\"color: #000000;\">63691 Ranstadt<\/span><\/p>\n<p><span style=\"color: #000000;\">Mail: <a style=\"color: #000000;\" href=\"mailto:hello@nadinefotografie.com\">hello@nadinefotografie.com<\/a><\/span><\/p>\n<p>&nbsp;<\/p>\n<p><span style=\"color: #000000;\">Kleinunternehmer im Sinne \u00a7 19 UstG, von der Umsatzsteuer befreit.<\/span><\/p>\n<p><span style=\"color: #000000;\">Copyright: <\/span><span style=\"color: #000000;\">Diese Webseite sowie alle gezeigten Fotos unterliegen dem Urheberrecht und d\u00fcrfen ohne ausdr\u00fcckliche schriftliche Genehmigung durch Nadine Molnar nicht entnommen, ver\u00f6ffentlicht oder gedruckt werden.<\/span><\/p>\n<h2>Haftungsausschluss<\/h2>\n<h3>Inhalt des Onlineangebotes<\/h3>\n<p>Als Diensteanbieter sind wir gem\u00e4\u00df \u00a7 7 Abs.1 TMG f\u00fcr eigene Inhalte auf diesen Seiten nach den<br \/>\nallgemeinen Gesetzen verantwortlich. Nach \u00a7\u00a7 8 bis 10 TMG sind wir als Diensteanbieter jedoch nicht<br \/>\nverpflichtet, \u00fcbermittelte oder gespeicherte fremde Informationen zu \u00fcberwachen oder nach Umst\u00e4nden<br \/>\nzu forschen, die auf eine rechtswidrige T\u00e4tigkeit hinweisen.<\/p>\n<p>Verpflichtungen zur Entfernung oder Sperrung der Nutzung von Informationen nach den allgemeinen<br \/>\nGesetzen bleiben hiervon unber\u00fchrt. Eine diesbez\u00fcgliche Haftung ist jedoch erst ab dem Zeitpunkt der<br \/>\nKenntnis einer konkreten Rechtsverletzung m\u00f6glich. Bei Bekanntwerden von entsprechenden<br \/>\nRechtsverletzungen werden wir diese Inhalte umgehend entfernen.<\/p>\n<h3>Urbeber- und Kennzeichenrecht<\/h3>\n<p>Die durch die Seitenbetreiber erstellten Inhalte und Werke auf diesen Seiten unterliegen dem deutschen<br \/>\nUrheberrecht. Die Vervielf\u00e4ltigung, Bearbeitung, Verbreitung und jede Art der Verwertung au\u00dferhalb der<br \/>\nGrenzen des Urheberrechtes bed\u00fcrfen der schriftlichen Zustimmung des jeweiligen Autors bzw.<br \/>\nErstellers. Downloads und Kopien dieser Seite sind ohne schriftliche Einwilligung meinerseits nicht gestattet.<\/p>\n<p>Soweit die Inhalte auf dieser Seite nicht vom Betreiber erstellt wurden, werden die Urheberrechte Dritter<br \/>\nbeachtet. Insbesondere werden Inhalte Dritter als solche gekennzeichnet. Sollten Sie trotzdem auf eine<br \/>\nUrheberrechtsverletzung aufmerksam werden, bitten wir um einen entsprechenden Hinweis. Bei<br \/>\nBekanntwerden von Rechtsverletzungen werden wir derartige Inhalte umgehend entfernen.<\/p>\n<h3>Rechtswirksamkeit dieses Haftungsausschlusses<\/h3>\n<p>Dieser Haftungsausschluss ist als Teil des Internetangebotes zu betrachten, von dem aus auf diese Seite verwiesen wurde. Sofern Teile oder einzelne Formulierungen dieses Textes der geltenden Rechtslage nicht, nicht mehr oder nicht vollst\u00e4ndig entsprechen sollten, bleiben die \u00fcbrigen Teile des Dokumentes in ihrem Inhalt und ihrer G\u00fcltigkeit davon unber\u00fchrt.<\/p>\n","protected":false},"excerpt":{"rendered":"<p>Nadine Molnar 63691 Ranstadt Mail: hello@nadinefotografie.com &nbsp; Kleinunternehmer im Sinne \u00a7 19 UstG, von der Umsatzsteuer befreit. Copyright: Diese Webseite sowie alle gezeigten Fotos unterliegen &hellip; <\/p>\n","protected":false},"author":1,"featured_media":0,"parent":0,"menu_order":0,"comment_status":"closed","ping_status":"closed","template":"","meta":{"two_page_speed":[],"footnotes":""},"class_list":["post-239","page","type-page","status-publish","hentry"],"_links":{"self":[{"href":"https:\/\/nadinefotografie.com\/index.php?rest_route=\/wp\/v2\/pages\/239","targetHints":{"allow":["GET"]}}],"collection":[{"href":"https:\/\/nadinefotografie.com\/index.php?rest_route=\/wp\/v2\/pages"}],"about":[{"href":"https:\/\/nadinefotografie.com\/index.php?rest_route=\/wp\/v2\/types\/page"}],"author":[{"embeddable":true,"href":"https:\/\/nadinefotografie.com\/index.php?rest_route=\/wp\/v2\/users\/1"}],"replies":[{"embeddable":true,"href":"https:\/\/nadinefotografie.com\/index.php?rest_route=%2Fwp%2Fv2%2Fcomments&post=239"}],"version-history":[{"count":10,"href":"https:\/\/nadinefotografie.com\/index.php?rest_route=\/wp\/v2\/pages\/239\/revisions"}],"predecessor-version":[{"id":9861,"href":"https:\/\/nadinefotografie.com\/index.php?rest_route=\/wp\/v2\/pages\/239\/revisions\/9861"}],"wp:attachment":[{"href":"https:\/\/nadinefotografie.com\/index.php?rest_route=%2Fwp%2Fv2%2Fmedia&parent=239"}],"curies":[{"name":"wp","href":"https:\/\/api.w.org\/{rel}","templated":true}]}}